{"id":29487,"date":"2022-10-07T05:39:15","date_gmt":"2022-10-07T03:39:15","guid":{"rendered":"https:\/\/earconnections.be\/home-2\/"},"modified":"2025-06-15T04:19:14","modified_gmt":"2025-06-15T02:19:14","slug":"home-2","status":"publish","type":"page","link":"https:\/\/earconnections.be\/nl\/","title":{"rendered":"HOME"},"content":{"rendered":"<p>[et_pb_section fb_built=&#8221;1&#8243; _builder_version=&#8221;4.18.0&#8243; _module_preset=&#8221;default&#8221; background_image=&#8221;https:\/\/earconnections.be\/wp-content\/uploads\/2022\/10\/jade-b-2.jpg&#8221; min_height=&#8221;324px&#8221; custom_margin=&#8221;-4px||6px|||&#8221; global_colors_info=&#8221;{}&#8221;][et_pb_row _builder_version=&#8221;4.18.0&#8243; _module_preset=&#8221;default&#8221; module_alignment_tablet=&#8221;right&#8221; module_alignment_phone=&#8221;right&#8221; module_alignment_last_edited=&#8221;on|phone&#8221; global_colors_info=&#8221;{}&#8221;][et_pb_column type=&#8221;4_4&#8243; _builder_version=&#8221;4.18.0&#8243; _module_preset=&#8221;default&#8221; global_colors_info=&#8221;{}&#8221;][et_pb_text _builder_version=&#8221;4.18.0&#8243; _module_preset=&#8221;default&#8221; text_font=&#8221;|||on|||||&#8221; text_text_color=&#8221;#FFFFFF&#8221; text_font_size=&#8221;155%&#8221; text_line_height=&#8221;1.3em&#8221; background_color=&#8221;RGBA(255,255,255,0)&#8221; text_orientation=&#8221;right&#8221; text_font_size_tablet=&#8221;155%&#8221; text_font_size_phone=&#8221;155%&#8221; text_font_size_last_edited=&#8221;on|phone&#8221; text_orientation_tablet=&#8221;center&#8221; text_orientation_phone=&#8221;center&#8221; text_orientation_last_edited=&#8221;on|tablet&#8221; global_colors_info=&#8221;{}&#8221;]<\/p>\n<p><strong>Bienvenue bij Ear Connections !<\/strong><\/p>\n<p><strong>Welkom bij Ear connections !<\/strong><\/p>\n<p><strong>Welcome on Ear Connections !<\/strong><\/p>\n<p>[\/et_pb_text][\/et_pb_column][\/et_pb_row][\/et_pb_section][et_pb_section fb_built=&#8221;1&#8243; _builder_version=&#8221;4.18.0&#8243; _module_preset=&#8221;default&#8221; min_height=&#8221;396.6px&#8221; custom_padding=&#8221;0px||0px||false|false&#8221; global_colors_info=&#8221;{}&#8221;][et_pb_row column_structure=&#8221;1_2,1_2&#8243; _builder_version=&#8221;4.18.0&#8243; _module_preset=&#8221;default&#8221; global_colors_info=&#8221;{}&#8221;][et_pb_column type=&#8221;1_2&#8243; _builder_version=&#8221;4.18.0&#8243; _module_preset=&#8221;default&#8221; global_colors_info=&#8221;{}&#8221;][et_pb_text _builder_version=&#8221;4.18.0&#8243; _module_preset=&#8221;default&#8221; global_colors_info=&#8221;{}&#8221;]<\/p>\n<h1 style=\"text-align: center;\">Wie zijn wij ?<\/h1>\n<p>Hallo, wij zijn Gilles Vanderschelde en Emilie Van Haudenhove.<\/p>\n<p>Gelukkige ouders van Jade Vanderschelde.<\/p>\n<p><strong>Belgium Ear Connections VZW<\/strong> is opgericht in 2021, na de geboorte van onze dochter.<\/p>\n<p>Deze non-profit en humanitaire vereniging is een filantropische liefdadigheidsorganisatie die zich inzet voor kinderen en gezinnen van jongeren met een handicap t aplasie, atresie en microtie.<\/p>\n<p>[\/et_pb_text][\/et_pb_column][et_pb_column type=&#8221;1_2&#8243; _builder_version=&#8221;4.18.0&#8243; _module_preset=&#8221;default&#8221; global_colors_info=&#8221;{}&#8221;][et_pb_image src=&#8221;https:\/\/earconnections.be\/wp-content\/uploads\/2022\/10\/jade-et-Emilie-300&#215;285.jpg&#8221; title_text=&#8221;jade et Emilie&#8221; _builder_version=&#8221;4.18.0&#8243; _module_preset=&#8221;default&#8221; global_colors_info=&#8221;{}&#8221;][\/et_pb_image][\/et_pb_column][\/et_pb_row][\/et_pb_section][et_pb_section fb_built=&#8221;1&#8243; _builder_version=&#8221;4.18.0&#8243; _module_preset=&#8221;default&#8221; min_height=&#8221;547.1px&#8221; custom_padding=&#8221;||13px|||&#8221; global_colors_info=&#8221;{}&#8221;][et_pb_row column_structure=&#8221;1_3,2_3&#8243; _builder_version=&#8221;4.18.0&#8243; _module_preset=&#8221;default&#8221; global_colors_info=&#8221;{}&#8221;][et_pb_column type=&#8221;1_3&#8243; _builder_version=&#8221;4.18.0&#8243; _module_preset=&#8221;default&#8221; global_colors_info=&#8221;{}&#8221;][et_pb_image src=&#8221;https:\/\/earconnections.be\/wp-content\/uploads\/2022\/10\/jade-au-parc.jpg&#8221; title_text=&#8221;jade au parc&#8221; _builder_version=&#8221;4.18.0&#8243; _module_preset=&#8221;default&#8221; global_colors_info=&#8221;{}&#8221;][\/et_pb_image][\/et_pb_column][et_pb_column type=&#8221;2_3&#8243; _builder_version=&#8221;4.18.0&#8243; _module_preset=&#8221;default&#8221; global_colors_info=&#8221;{}&#8221;][et_pb_text _builder_version=&#8221;4.18.0&#8243; _module_preset=&#8221;default&#8221; global_colors_info=&#8221;{}&#8221;]<\/p>\n<h1>Wat zijn de doelstellingen van de VZW ?<\/h1>\n<p>1 &#8211; Omdat we Jade dezelfde kansen, rechten en dromen willen bieden die elk kind kan nastreven, is het primaire doel van de non-profitorganisatie om fondsen te werven om de activiteiten van Jade-oren en -kanalen in de VS te financieren.<\/p>\n<p>Een relatief zware en dure operatie, de kosten bedragen zo&#8217;n 230.000 \u20ac.<\/p>\n<p>2 &#8211; Jade is niet het enige kind dat lijdt aan aplasie, atresie en microtie. De vzw wil daarom actief deelnemen aan een informatiecampagne met gezinnen waarvan de kinderen lijden aan aplasie, hen adviseren in hun werking of aanpassingsproces, maar ook het grote publiek mobiliseren over aplasie &#8211; microtie, de gevolgen, compenserende en alternatieve technologie\u00ebn.<\/p>\n<p>3 &#8211; De vzw is ook voornemens financi\u00eble steun te verlenen aan gezinnen in nood die ook van jongs af aan een hoortoestel moeten kopen. (* zie het Tab <a>Baha Banner<\/a> + Baha project)<\/p>\n<p>[\/et_pb_text][\/et_pb_column][\/et_pb_row][\/et_pb_section]<\/p>\n","protected":false},"excerpt":{"rendered":"<p>Belgium Ear Connections est une ASBL \u00e0 caract\u00e8re humanitaire qui a pour but d&#8217;aider les enfants et familles de jeunes handicap\u00e9s atteints d\u2019aplasie, atr\u00e9sie et microtie.<\/p>\n","protected":false},"author":2,"featured_media":0,"parent":0,"menu_order":0,"comment_status":"closed","ping_status":"closed","template":"","meta":{"_et_pb_use_builder":"on","_et_pb_old_content":"","_et_gb_content_width":"","footnotes":""},"class_list":["post-29487","page","type-page","status-publish","hentry"],"_links":{"self":[{"href":"https:\/\/earconnections.be\/nl\/wp-json\/wp\/v2\/pages\/29487","targetHints":{"allow":["GET"]}}],"collection":[{"href":"https:\/\/earconnections.be\/nl\/wp-json\/wp\/v2\/pages"}],"about":[{"href":"https:\/\/earconnections.be\/nl\/wp-json\/wp\/v2\/types\/page"}],"author":[{"embeddable":true,"href":"https:\/\/earconnections.be\/nl\/wp-json\/wp\/v2\/users\/2"}],"replies":[{"embeddable":true,"href":"https:\/\/earconnections.be\/nl\/wp-json\/wp\/v2\/comments?post=29487"}],"version-history":[{"count":33,"href":"https:\/\/earconnections.be\/nl\/wp-json\/wp\/v2\/pages\/29487\/revisions"}],"predecessor-version":[{"id":29750,"href":"https:\/\/earconnections.be\/nl\/wp-json\/wp\/v2\/pages\/29487\/revisions\/29750"}],"wp:attachment":[{"href":"https:\/\/earconnections.be\/nl\/wp-json\/wp\/v2\/media?parent=29487"}],"curies":[{"name":"wp","href":"https:\/\/api.w.org\/{rel}","templated":true}]}}